{"id":392,"date":"2020-10-29T11:57:12","date_gmt":"2020-10-29T08:57:12","guid":{"rendered":"http:\/\/www.teknobeltmuhendislik.com\/?page_id=392"},"modified":"2020-11-03T10:13:43","modified_gmt":"2020-11-03T07:13:43","slug":"insan-kaynaklari","status":"publish","type":"page","link":"http:\/\/www.teknobeltmuhendislik.com\/index.php\/insan-kaynaklari","title":{"rendered":"\u0130nsan Kaynaklar\u0131"},"content":{"rendered":"<p>\r\n\r\n\t\t\t<div class=\"mainHeading noslogan\">\r\n\t\t\t\t<div class=\"icon kullanici\"><\/div>\r\n\t\t\t\t<div class=\"title\">Ba\u015fvuru Formu<\/div>\r\n\t\t\t<\/div>\r\n\r\n\t\t<br \/>\n<div role=\"form\" class=\"wpcf7\" id=\"wpcf7-f583-o1\" lang=\"tr-TR\" dir=\"ltr\">\n<div class=\"screen-reader-response\"><p role=\"status\" aria-live=\"polite\" aria-atomic=\"true\"><\/p> <ul><\/ul><\/div>\n<form action=\"\/index.php\/wp-json\/wp\/v2\/pages\/392#wpcf7-f583-o1\" method=\"post\" class=\"wpcf7-form init\" novalidate=\"novalidate\" data-status=\"init\">\n<div style=\"display: none;\">\n<input type=\"hidden\" name=\"_wpcf7\" value=\"583\" \/>\n<input type=\"hidden\" name=\"_wpcf7_version\" value=\"5.3.2\" \/>\n<input type=\"hidden\" name=\"_wpcf7_locale\" value=\"tr_TR\" \/>\n<input type=\"hidden\" name=\"_wpcf7_unit_tag\" value=\"wpcf7-f583-o1\" \/>\n<input type=\"hidden\" name=\"_wpcf7_container_post\" value=\"0\" \/>\n<input type=\"hidden\" name=\"_wpcf7_posted_data_hash\" value=\"\" \/>\n<\/div>\n<h3 class=\"b-baslik\">Ki\u015fisel Bilgileriniz<\/h3>\n<p><strong class=\"baslikk\">Ad\u0131n\u0131z Soyad\u0131n\u0131z*\t<\/strong><br \/>\n<span class=\"wpcf7-form-control-wrap your-name\"><input type=\"text\" name=\"your-name\" value=\"\" size=\"40\" class=\"wpcf7-form-control wpcf7-text wpcf7-validates-as-required contactinput\" id=\"adiniz\" aria-required=\"true\" aria-invalid=\"false\" \/><\/span><br><br \/>\n<strong class=\"baslikk\">Do\u011fum Tarihi*<\/strong>\t <span class=\"wpcf7-form-control-wrap menu-55\"><select name=\"menu-55\" class=\"wpcf7-form-control wpcf7-select inputlist\" id=\"dogumtarihigun\" aria-invalid=\"false\"><option value=\"G\u00fcn\">G\u00fcn<\/option><option value=\"1\">1<\/option><option value=\"2\">2<\/option><option value=\"3\">3<\/option><option value=\"4\">4<\/option><option value=\"5\">5<\/option><option value=\"6\">6<\/option><option value=\"7\">7<\/option><option value=\"8\">8<\/option><option value=\"9\">9<\/option><option value=\"10\">10<\/option><option value=\"11\">11<\/option><option value=\"12\">12<\/option><option value=\"13\">13<\/option><option value=\"14\">14<\/option><option value=\"15\">15<\/option><option value=\"16\">16<\/option><option value=\"17\">17<\/option><option value=\"18\">18<\/option><option value=\"19\">19<\/option><option value=\"20\">20<\/option><option value=\"21\">21<\/option><option value=\"22\">22<\/option><option value=\"23\">23<\/option><option value=\"24\">24<\/option><option value=\"25\">25<\/option><option value=\"26\">26<\/option><option value=\"27\">27<\/option><option value=\"28\">28<\/option><option value=\"29\">29<\/option><option value=\"30\">30<\/option><option value=\"31\">31<\/option><\/select><\/span><span class=\"wpcf7-form-control-wrap menu-214\"><select name=\"menu-214\" class=\"wpcf7-form-control wpcf7-select inputlist\" id=\"dogumtarihiay\" aria-invalid=\"false\"><option value=\"Ay\">Ay<\/option><option value=\"Ocak\">Ocak<\/option><option value=\"\u015eubat\">\u015eubat<\/option><option value=\"Mart\">Mart<\/option><option value=\"Nisan\">Nisan<\/option><option value=\"May\u0131s\">May\u0131s<\/option><option value=\"Haziran\">Haziran<\/option><option value=\"Temmuz\">Temmuz<\/option><option value=\"A\u011fustos\">A\u011fustos<\/option><option value=\"Eyl\u00fcl\">Eyl\u00fcl<\/option><option value=\"Ekim\">Ekim<\/option><option value=\"Kas\u0131m\">Kas\u0131m<\/option><option value=\"Aral\u0131k\">Aral\u0131k<\/option><\/select><\/span><span class=\"wpcf7-form-control-wrap menu-597\"><select name=\"menu-597\" class=\"wpcf7-form-control wpcf7-select wpcf7-validates-as-required inputlist\" id=\"dogumtarihiyil\" aria-required=\"true\" aria-invalid=\"false\"><option value=\"Y\u0131l\">Y\u0131l<\/option><option value=\"2000\">2000<\/option><option value=\"1999\">1999<\/option><option value=\"1998\">1998<\/option><option value=\"1997\">1997<\/option><option value=\"1996\">1996<\/option><option value=\"1995\">1995<\/option><option value=\"1994\">1994<\/option><option value=\"1993\">1993<\/option><option value=\"1992\">1992<\/option><option value=\"1991\">1991<\/option><option value=\"1990\">1990<\/option><option value=\"1989\">1989<\/option><option value=\"1988\">1988<\/option><option value=\"1987\">1987<\/option><option value=\"1986\">1986<\/option><option value=\"1985\">1985<\/option><option value=\"1984\">1984<\/option><option value=\"1983\">1983<\/option><option value=\"1982\">1982<\/option><option value=\"1981\">1981<\/option><option value=\"1980\">1980<\/option><option value=\"1979\">1979<\/option><option value=\"1978\">1978<\/option><option value=\"1977\">1977<\/option><option value=\"1976\">1976<\/option><option value=\"1975\">1975<\/option><option value=\"1974\">1974<\/option><option value=\"1973\">1973<\/option><option value=\"1972\">1972<\/option><option value=\"1971\">1971<\/option><option value=\"1970\">1970<\/option><option value=\"1969\">1969<\/option><option value=\"1968\">1968<\/option><option value=\"1967\">1967<\/option><option value=\"1966\">1966<\/option><option value=\"1965\">1965<\/option><option value=\"1964\">1964<\/option><option value=\"1963\">1963<\/option><option value=\"1962\">1962<\/option><option value=\"1961\">1961<\/option><option value=\"1960\">1960<\/option><option value=\"1959\">1959<\/option><option value=\"1958\">1958<\/option><option value=\"1957\">1957<\/option><option value=\"1956\">1956<\/option><option value=\"1955\">1955<\/option><option value=\"1954\">1954<\/option><option value=\"1953\">1953<\/option><option value=\"1952\">1952<\/option><option value=\"1951\">1951<\/option><option value=\"1950\">1950<\/option><\/select><\/span><br><br \/>\n<strong class=\"baslikk\">Do\u011fum Yeri*\t<\/strong><br \/>\n<span class=\"wpcf7-form-control-wrap text-943\"><input type=\"text\" name=\"text-943\" value=\"\" size=\"40\" class=\"wpcf7-form-control wpcf7-text wpcf7-validates-as-required contactinput\" id=\"dogumyeri\" aria-required=\"true\" aria-invalid=\"false\" \/><\/span><br \/>\n<strong class=\"baslikk\">T.C Kimlik No*\t<\/strong><br \/>\n<span class=\"wpcf7-form-control-wrap text-742\"><input type=\"text\" name=\"text-742\" value=\"\" size=\"40\" class=\"wpcf7-form-control wpcf7-text wpcf7-validates-as-required contactinput\" id=\"tckimlik\" aria-required=\"true\" aria-invalid=\"false\" \/><\/span><br><br \/>\n<strong class=\"baslikk\">Cinsiyetiniz*\t<\/strong> <span class=\"wpcf7-form-control-wrap menu-598\"><select name=\"menu-598\" class=\"wpcf7-form-control wpcf7-select wpcf7-validates-as-required inputlist\" id=\"cinsiyet\" aria-required=\"true\" aria-invalid=\"false\"><option value=\"Se\u00e7iniz\">Se\u00e7iniz<\/option><option value=\"Erkek\">Erkek<\/option><option value=\"Bayan\">Bayan<\/option><\/select><\/span><br><br \/>\n<strong class=\"baslikk\">Medeni Hal*\t<\/strong> <span class=\"wpcf7-form-control-wrap menu-525\"><select name=\"menu-525\" class=\"wpcf7-form-control wpcf7-select wpcf7-validates-as-required inputlist\" id=\"medenihal\" aria-required=\"true\" aria-invalid=\"false\"><option value=\"Se\u00e7iniz\">Se\u00e7iniz<\/option><option value=\"Bekar\">Bekar<\/option><option value=\"Evli\">Evli<\/option><\/select><\/span><br><br \/>\n<strong class=\"baslikk\">Ehliyet (Tarih ve S\u0131n\u0131f)*<\/strong><br \/>\n<span class=\"wpcf7-form-control-wrap text-384\"><input type=\"text\" name=\"text-384\" value=\"\" size=\"40\" class=\"wpcf7-form-control wpcf7-text contactinput\" id=\"ehliyet\" aria-invalid=\"false\" \/><\/span><br><br \/>\n<strong class=\"baslikk\">Askerlik Durumu*<\/strong>\t <span class=\"wpcf7-form-control-wrap menu-602\"><select name=\"menu-602\" class=\"wpcf7-form-control wpcf7-select wpcf7-validates-as-required inputlist\" id=\"askerlik\" aria-required=\"true\" aria-invalid=\"false\"><option value=\"Se\u00e7iniz\">Se\u00e7iniz<\/option><option value=\"Yap\u0131ld\u0131\">Yap\u0131ld\u0131<\/option><option value=\"Tecilli\">Tecilli<\/option><option value=\"Muaf\">Muaf<\/option><\/select><\/span><br><br \/>\n<strong class=\"baslikk\">Ev Adresi*\t<\/strong><br \/>\n<span class=\"wpcf7-form-control-wrap textarea-913\"><textarea name=\"textarea-913\" cols=\"40\" rows=\"4\" class=\"wpcf7-form-control wpcf7-textarea wpcf7-validates-as-required new-mail\" id=\"evadres\" aria-required=\"true\" aria-invalid=\"false\"><\/textarea><\/span><br \/>\n<strong class=\"baslikk\">Telefon Numaras\u0131<\/strong><br \/>\n<span class=\"wpcf7-form-control-wrap text-183\"><input type=\"text\" name=\"text-183\" value=\"\" size=\"40\" class=\"wpcf7-form-control wpcf7-text contactinput\" id=\"tel\" aria-invalid=\"false\" \/><\/span><br \/>\n<strong class=\"baslikk\">Cep Telefonu*\t<\/strong><br \/>\n<span class=\"wpcf7-form-control-wrap text-623\"><input type=\"text\" name=\"text-623\" value=\"\" size=\"40\" class=\"wpcf7-form-control wpcf7-text wpcf7-validates-as-required contactinput\" id=\"gsm\" aria-required=\"true\" aria-invalid=\"false\" \/><\/span><br \/>\n<strong class=\"baslikk\">E-mail Adresi*\t<\/strong><br \/>\n<span class=\"wpcf7-form-control-wrap your-email\"><input type=\"email\" name=\"your-email\" value=\"\" size=\"40\" class=\"wpcf7-form-control wpcf7-text wpcf7-email wpcf7-validates-as-required wpcf7-validates-as-email contactinput\" id=\"email\" aria-required=\"true\" aria-invalid=\"false\" \/><\/span><br \/>\n<strong class=\"baslikk\">Kan Grubunuz<\/strong><br \/>\n<span class=\"wpcf7-form-control-wrap text-205\"><input type=\"text\" name=\"text-205\" value=\"\" size=\"40\" class=\"wpcf7-form-control wpcf7-text contactinput\" id=\"kangrubu\" aria-invalid=\"false\" \/><\/span><\/p>\n<h3 class=\"b-baslik\">\u00d6\u011frenim Durumu ve Mesleki Bilgiler <\/h3>\n<p><strong class=\"baslikk\">\u00d6\u011frenim durumunuz<\/strong>\t <span class=\"wpcf7-form-control-wrap menu-392\"><select name=\"menu-392\" class=\"wpcf7-form-control wpcf7-select wpcf7-validates-as-required inputlist\" id=\"ogrenimdurum\" aria-required=\"true\" aria-invalid=\"false\"><option value=\"Se\u00e7iniz\">Se\u00e7iniz<\/option><option value=\"\u0130lkokul\">\u0130lkokul<\/option><option value=\"Ortaokul\">Ortaokul<\/option><option value=\"Lise\">Lise<\/option><option value=\"Y\u00fcksek Okul\">Y\u00fcksek Okul<\/option><option value=\"\u00dcniversite\">\u00dcniversite<\/option><option value=\"Y\u00fcksek Lisans\">Y\u00fcksek Lisans<\/option><\/select><\/span><br><br \/>\n<strong class=\"baslikk\">En son bitirdi\u011finiz okulun ad\u0131\t<\/strong><br \/>\n<span class=\"wpcf7-form-control-wrap text-479\"><input type=\"text\" name=\"text-479\" value=\"\" size=\"40\" class=\"wpcf7-form-control wpcf7-text contactinput\" id=\"ensonbitenokul\" aria-invalid=\"false\" \/><\/span><br \/>\n<strong class=\"baslikk\">Mesle\u011finiz\t<\/strong><br \/>\n<span class=\"wpcf7-form-control-wrap text-708\"><input type=\"text\" name=\"text-708\" value=\"\" size=\"40\" class=\"wpcf7-form-control wpcf7-text contactinput\" id=\"mesleginiz\" aria-invalid=\"false\" \/><\/span><br \/>\n<strong class=\"baslikk\">Bildi\u011finiz yabanc\u0131 dil<\/strong><br \/>\n<span class=\"wpcf7-form-control-wrap text-424\"><input type=\"text\" name=\"text-424\" value=\"\" size=\"40\" class=\"wpcf7-form-control wpcf7-text contactinput\" id=\"yabancidil\" aria-invalid=\"false\" \/><\/span><br \/>\n<strong class=\"baslikk\">\u00c7al\u0131\u015fmak istedi\u011finiz b\u00f6l\u00fcm\t<\/strong><br \/>\n<span class=\"wpcf7-form-control-wrap text-369\"><input type=\"text\" name=\"text-369\" value=\"\" size=\"40\" class=\"wpcf7-form-control wpcf7-text contactinput\" id=\"calismakistenilenbolum\" aria-invalid=\"false\" \/><\/span><br \/>\n<strong class=\"baslikk\">Ba\u015flayabilece\u011finiz tarih\t<\/strong><br \/>\n<span class=\"wpcf7-form-control-wrap text-0\"><input type=\"text\" name=\"text-0\" value=\"\" size=\"40\" class=\"wpcf7-form-control wpcf7-text contactinput\" id=\"baslangictarihi\" aria-invalid=\"false\" \/><\/span><\/p>\n<h3 class=\"b-baslik\">\u0130\u015f Deneyimleriniz <\/h3>\n<p><strong class=\"baslikk\">En son i\u015fyerinin ad\u0131\t<\/strong><br \/>\n<span class=\"wpcf7-form-control-wrap text-145\"><input type=\"text\" name=\"text-145\" value=\"\" size=\"40\" class=\"wpcf7-form-control wpcf7-text contactinput\" id=\"isyeriadi\" aria-invalid=\"false\" \/><\/span><br \/>\n<strong class=\"baslikk\">G\u00f6reviniz\t<\/strong><br \/>\n<span class=\"wpcf7-form-control-wrap text-222\"><input type=\"text\" name=\"text-222\" value=\"\" size=\"40\" class=\"wpcf7-form-control wpcf7-text contactinput\" id=\"gorevi\" aria-invalid=\"false\" \/><\/span><br \/>\n<strong class=\"baslikk\">Br\u00fct \u00dccret\t<\/strong><br \/>\n<span class=\"wpcf7-form-control-wrap text-447\"><input type=\"text\" name=\"text-447\" value=\"\" size=\"40\" class=\"wpcf7-form-control wpcf7-text contactinput\" id=\"ucret\" aria-invalid=\"false\" \/><\/span><br \/>\n<strong class=\"baslikk\">\u00c7al\u0131\u015fma D\u00f6nemi\t<\/strong><br \/>\n<span class=\"wpcf7-form-control-wrap text-491\"><input type=\"text\" name=\"text-491\" value=\"\" size=\"40\" class=\"wpcf7-form-control wpcf7-text contactinput\" id=\"calismadonemi\" aria-invalid=\"false\" \/><\/span><br \/>\n<strong class=\"baslikk\">Ayr\u0131l\u0131\u015f Nedeni\t<\/strong><br \/>\n<span class=\"wpcf7-form-control-wrap text-650\"><input type=\"text\" name=\"text-650\" value=\"\" size=\"40\" class=\"wpcf7-form-control wpcf7-text contactinput\" id=\"ayrilisnedeni\" aria-invalid=\"false\" \/><\/span><\/p>\n<h3 class=\"b-baslik\">Hakk\u0131n\u0131zda Bilgi Alabilece\u011fimiz Ki\u015filer <\/h3>\n<p><strong class=\"baslikk\">Ad\u0131 ve Soyad\u0131\t<\/strong><br \/>\n<span class=\"wpcf7-form-control-wrap text-733\"><input type=\"text\" name=\"text-733\" value=\"\" size=\"40\" class=\"wpcf7-form-control wpcf7-text contactinput\" id=\"refadsoyad\" aria-invalid=\"false\" \/><\/span><br \/>\n<strong class=\"baslikk\">Adresi\t<\/strong><br \/>\n<span class=\"wpcf7-form-control-wrap textarea-205\"><textarea name=\"textarea-205\" cols=\"40\" rows=\"4\" class=\"wpcf7-form-control wpcf7-textarea new-mail\" id=\"refadres\" aria-invalid=\"false\"><\/textarea><\/span><br \/>\n<strong class=\"baslikk\">Telefonu\t<\/strong><br \/>\n<span class=\"wpcf7-form-control-wrap text-726\"><input type=\"text\" name=\"text-726\" value=\"\" size=\"40\" class=\"wpcf7-form-control wpcf7-text contactinput\" id=\"reftel\" aria-invalid=\"false\" \/><\/span><br \/>\n<strong class=\"baslikk\">G\u00f6revi\t<\/strong><br \/>\n<span class=\"wpcf7-form-control-wrap text-820\"><input type=\"text\" name=\"text-820\" value=\"\" size=\"40\" class=\"wpcf7-form-control wpcf7-text contactinput\" id=\"refgorevi\" aria-invalid=\"false\" \/><\/span><\/p>\n<hr>\n<center><input type=\"submit\" value=\"G\u00f6nder\" class=\"wpcf7-form-control wpcf7-submit\" \/><\/center><\/p>\n<div class=\"wpcf7-response-output\" aria-hidden=\"true\"><\/div><\/form><\/div><\/p>\n","protected":false},"excerpt":{"rendered":"","protected":false},"author":1,"featured_media":0,"parent":0,"menu_order":0,"comment_status":"closed","ping_status":"closed","template":"","meta":[],"_links":{"self":[{"href":"http:\/\/www.teknobeltmuhendislik.com\/index.php\/wp-json\/wp\/v2\/pages\/392"}],"collection":[{"href":"http:\/\/www.teknobeltmuhendislik.com\/index.php\/wp-json\/wp\/v2\/pages"}],"about":[{"href":"http:\/\/www.teknobeltmuhendislik.com\/index.php\/wp-json\/wp\/v2\/types\/page"}],"author":[{"embeddable":true,"href":"http:\/\/www.teknobeltmuhendislik.com\/index.php\/wp-json\/wp\/v2\/users\/1"}],"replies":[{"embeddable":true,"href":"http:\/\/www.teknobeltmuhendislik.com\/index.php\/wp-json\/wp\/v2\/comments?post=392"}],"version-history":[{"count":4,"href":"http:\/\/www.teknobeltmuhendislik.com\/index.php\/wp-json\/wp\/v2\/pages\/392\/revisions"}],"predecessor-version":[{"id":584,"href":"http:\/\/www.teknobeltmuhendislik.com\/index.php\/wp-json\/wp\/v2\/pages\/392\/revisions\/584"}],"wp:attachment":[{"href":"http:\/\/www.teknobeltmuhendislik.com\/index.php\/wp-json\/wp\/v2\/media?parent=392"}],"curies":[{"name":"wp","href":"https:\/\/api.w.org\/{rel}","templated":true}]}}